{"id":2477,"date":"2020-05-03T18:51:39","date_gmt":"2020-05-03T06:51:39","guid":{"rendered":"https:\/\/skazee.com\/?page_id=2477"},"modified":"2020-05-03T19:00:04","modified_gmt":"2020-05-03T07:00:04","slug":"politica-de-privacidade","status":"publish","type":"page","link":"https:\/\/skazee.com\/en\/privacy-policy\/","title":{"rendered":"Pol\u00edtica de Privacidade"},"content":{"rendered":"<div data-elementor-type=\"wp-page\" data-elementor-id=\"2477\" class=\"elementor elementor-2477\" data-elementor-settings=\"[]\">\n\t\t\t<div class=\"elementor-inner\">\n\t\t\t\t<div class=\"elementor-section-wrap\">\n\t\t\t\t\t\t\t<section class=\"elementor-element elementor-element-dfa6362 ang-section-padding-wider elementor-section-content-middle elementor-section-boxed elementor-section-height-default elementor-section-height-default elementor-section elementor-top-section\" data-id=\"dfa6362\" data-element_type=\"section\" data-settings=\"{&quot;background_background&quot;:&quot;classic&quot;}\">\n\t\t\t\t\t\t<div class=\"elementor-container elementor-column-gap-default\">\n\t\t\t\t<div class=\"elementor-row\">\n\t\t\t\t<div class=\"elementor-element elementor-element-c5e8689 elementor-column elementor-col-100 elementor-top-column\" data-id=\"c5e8689\" data-element_type=\"column\">\n\t\t\t<div class=\"elementor-column-wrap  elementor-element-populated\">\n\t\t\t\t\t<div class=\"elementor-widget-wrap\">\n\t\t\t\t<div class=\"elementor-element elementor-element-2810546 elementor-widget elementor-widget-heading\" data-id=\"2810546\" data-element_type=\"widget\" data-no-translation=\"\" data-widget_type=\"heading.default\">\n\t\t\t\t<div class=\"elementor-widget-container\">\n\t\t\t<style>.elementor-element-2810546{display:none !important}<\/style>\t\t<\/div>\n\t\t\t\t<\/div>\n\t\t\t\t<div class=\"elementor-element elementor-element-c652e85 elementor-widget elementor-widget-heading\" data-id=\"c652e85\" data-element_type=\"widget\" data-no-translation=\"\" data-widget_type=\"heading.default\">\n\t\t\t\t<div class=\"elementor-widget-container\">\n\t\t\t<h2 class=\"elementor-heading-title elementor-size-default\">Privacy Policy<\/h2>\t\t<\/div>\n\t\t\t\t<\/div>\n\t\t\t\t\t\t<\/div>\n\t\t\t<\/div>\n\t\t<\/div>\n\t\t\t\t\t\t<\/div>\n\t\t\t<\/div>\n\t\t<\/section>\n\t\t\t\t\t\t<\/div>\n\t\t\t<\/div>\n\t\t<\/div>","protected":false},"excerpt":{"rendered":"<p>Privacy Policy Estes Termos de Servi\u00e7o aplicam-se a todos os Servi\u00e7os oferecidos\/fornecidos pela Skazee a qualquer Pessoa\/s. Como usamos os seus dados Num esfor\u00e7o para proteger a privacidade e os direitos dos nossos clientes e visitantes do site, a Skazee estabeleceu uma Pol\u00edtica de Privacidade que explica que informa\u00e7\u00f5es recolhemos sobre os visitantes e o [&hellip;]<\/p>","protected":false},"author":1,"featured_media":0,"parent":0,"menu_order":100,"comment_status":"closed","ping_status":"closed","template":"","meta":{"footnotes":""},"yst_prominent_words":[],"class_list":["post-2477","page","type-page","status-publish","hentry"],"_links":{"self":[{"href":"https:\/\/skazee.com\/en\/wp-json\/wp\/v2\/pages\/2477","targetHints":{"allow":["GET"]}}],"collection":[{"href":"https:\/\/skazee.com\/en\/wp-json\/wp\/v2\/pages"}],"about":[{"href":"https:\/\/skazee.com\/en\/wp-json\/wp\/v2\/types\/page"}],"author":[{"embeddable":true,"href":"https:\/\/skazee.com\/en\/wp-json\/wp\/v2\/users\/1"}],"replies":[{"embeddable":true,"href":"https:\/\/skazee.com\/en\/wp-json\/wp\/v2\/comments?post=2477"}],"version-history":[{"count":2,"href":"https:\/\/skazee.com\/en\/wp-json\/wp\/v2\/pages\/2477\/revisions"}],"predecessor-version":[{"id":2480,"href":"https:\/\/skazee.com\/en\/wp-json\/wp\/v2\/pages\/2477\/revisions\/2480"}],"wp:attachment":[{"href":"https:\/\/skazee.com\/en\/wp-json\/wp\/v2\/media?parent=2477"}],"wp:term":[{"taxonomy":"yst_prominent_words","embeddable":true,"href":"https:\/\/skazee.com\/en\/wp-json\/wp\/v2\/yst_prominent_words?post=2477"}],"curies":[{"name":"wp","href":"https:\/\/api.w.org\/{rel}","templated":true}]}}